{"id":324,"date":"2026-01-08T14:46:18","date_gmt":"2026-01-08T14:46:18","guid":{"rendered":"https:\/\/sansbaz.com\/?page_id=324"},"modified":"2026-01-08T15:11:57","modified_gmt":"2026-01-08T15:11:57","slug":"18-uyari","status":"publish","type":"page","link":"https:\/\/sansbaz.com\/?page_id=324","title":{"rendered":"18+ Ya\u015f Uyar\u0131s\u0131 ve Sorumluluk Reddi"},"content":{"rendered":"\n<p><\/p>\n\n\n\n<p>Bu web sitesi <strong>18 ya\u015f ve \u00fczeri<\/strong> kullan\u0131c\u0131lar i\u00e7in haz\u0131rlanm\u0131\u015ft\u0131r.<br>18 ya\u015f\u0131ndan k\u00fc\u00e7\u00fck ki\u015filerin siteyi kullanmas\u0131 <strong>uygun de\u011fildir<\/strong>.<\/p>\n\n\n\n<p>Sitede yer alan t\u00fcm i\u00e7erikler <strong>yaln\u0131zca bilgilendirme ve ki\u015fisel deneyim payla\u015f\u0131m\u0131 amac\u0131yla<\/strong> sunulmaktad\u0131r. Bu site \u00fczerinden sunulan bilgiler;<\/p>\n\n\n\n<ul class=\"wp-block-list\">\n<li>herhangi bir oyun, bahis veya kumar faaliyetine <strong>te\u015fvik niteli\u011fi ta\u015f\u0131maz<\/strong>,<\/li>\n\n\n\n<li><strong>kazan\u00e7 garantisi<\/strong> vermez,<\/li>\n\n\n\n<li>risksiz oldu\u011fu anlam\u0131na gelmez.<\/li>\n<\/ul>\n\n\n\n<h3 class=\"wp-block-heading\">Sorumlulu\u011fun reddi<\/h3>\n\n\n\n<p>Bu sitede yer alan i\u00e7eriklerin kullan\u0131m\u0131 sonucunda ortaya \u00e7\u0131kabilecek <strong>maddi kay\u0131plar<\/strong>, <strong>psikolojik etkiler<\/strong> veya <strong>\u00fc\u00e7\u00fcnc\u00fc ki\u015filerle (aile, \u00e7evre vb.) ya\u015fanabilecek olas\u0131 sorunlardan<\/strong> site y\u00f6netimi <strong>hi\u00e7bir \u015fekilde sorumluluk kabul etmez<\/strong>.<\/p>\n\n\n\n<p>T\u00fcm kararlar, tercihler ve olas\u0131 sonu\u00e7lar <strong>tamamen kullan\u0131c\u0131n\u0131n kendi iradesi ve sorumlulu\u011fu<\/strong> kapsam\u0131ndad\u0131r.<\/p>\n\n\n\n<h3 class=\"wp-block-heading\">Ki\u015fisel deneyim vurgusu<\/h3>\n\n\n\n<p>Sitede payla\u015f\u0131lan bilgiler, platformlar\u0131 kullanan ki\u015filerin <strong>\u00f6znel deneyimlerine<\/strong> dayanabilir.<br>Bu deneyimler herkes i\u00e7in ayn\u0131 sonucu do\u011furmayabilir ve <strong>tavsiye olarak de\u011ferlendirilmemelidir<\/strong>.<\/p>\n\n\n\n<h3 class=\"wp-block-heading\">Bilin\u00e7li kullan\u0131m<\/h3>\n\n\n\n<p>Kullan\u0131c\u0131lar\u0131n, oyun ve benzeri faaliyetlere yakla\u015f\u0131rken:<\/p>\n\n\n\n<ul class=\"wp-block-list\">\n<li>kendi maddi durumlar\u0131n\u0131,<\/li>\n\n\n\n<li>psikolojik s\u0131n\u0131rlar\u0131n\u0131,<\/li>\n\n\n\n<li>aile ve sosyal ya\u015famlar\u0131n\u0131<\/li>\n<\/ul>\n\n\n\n<p>g\u00f6z \u00f6n\u00fcnde bulundurmalar\u0131 \u00f6nemlidir.<\/p>\n\n\n\n<h3 class=\"wp-block-heading\">Kabul<\/h3>\n\n\n\n<p>Bu siteyi kullanmaya devam eden kullan\u0131c\u0131lar, yukar\u0131da belirtilen \u015fartlar\u0131 <strong>bilgilendirme ama\u00e7l\u0131 bir uyar\u0131 olarak<\/strong> kabul etmi\u015f say\u0131l\u0131r.<\/p>\n","protected":false},"excerpt":{"rendered":"<p>Bu web sitesi 18 ya\u015f ve \u00fczeri kullan\u0131c\u0131lar i\u00e7in haz\u0131rlanm\u0131\u015ft\u0131r.18 ya\u015f\u0131ndan k\u00fc\u00e7\u00fck ki\u015filerin siteyi kullanmas\u0131 uygun de\u011fildir. Sitede yer alan t\u00fcm i\u00e7erikler yaln\u0131zca bilgilendirme ve ki\u015fisel deneyim payla\u015f\u0131m\u0131 amac\u0131yla sunulmaktad\u0131r. Bu site \u00fczerinden sunulan bilgiler; Sorumlulu\u011fun reddi Bu sitede yer alan i\u00e7eriklerin kullan\u0131m\u0131 sonucunda ortaya \u00e7\u0131kabilecek maddi kay\u0131plar, psikolojik etkiler veya \u00fc\u00e7\u00fcnc\u00fc ki\u015filerle (aile, \u00e7evre [&hellip;]<\/p>\n","protected":false},"author":1,"featured_media":0,"parent":0,"menu_order":0,"comment_status":"closed","ping_status":"closed","template":"","meta":{"footnotes":""},"class_list":["post-324","page","type-page","status-publish","hentry"],"_hostinger_reach_plugin_has_subscription_block":false,"_hostinger_reach_plugin_is_elementor":false,"_links":{"self":[{"href":"https:\/\/sansbaz.com\/index.php?rest_route=\/wp\/v2\/pages\/324","targetHints":{"allow":["GET"]}}],"collection":[{"href":"https:\/\/sansbaz.com\/index.php?rest_route=\/wp\/v2\/pages"}],"about":[{"href":"https:\/\/sansbaz.com\/index.php?rest_route=\/wp\/v2\/types\/page"}],"author":[{"embeddable":true,"href":"https:\/\/sansbaz.com\/index.php?rest_route=\/wp\/v2\/users\/1"}],"replies":[{"embeddable":true,"href":"https:\/\/sansbaz.com\/index.php?rest_route=%2Fwp%2Fv2%2Fcomments&post=324"}],"version-history":[{"count":2,"href":"https:\/\/sansbaz.com\/index.php?rest_route=\/wp\/v2\/pages\/324\/revisions"}],"predecessor-version":[{"id":342,"href":"https:\/\/sansbaz.com\/index.php?rest_route=\/wp\/v2\/pages\/324\/revisions\/342"}],"wp:attachment":[{"href":"https:\/\/sansbaz.com\/index.php?rest_route=%2Fwp%2Fv2%2Fmedia&parent=324"}],"curies":[{"name":"wp","href":"https:\/\/api.w.org\/{rel}","templated":true}]}}